{"id":601,"date":"2020-08-28T12:57:28","date_gmt":"2020-08-28T12:57:28","guid":{"rendered":"https:\/\/katto.hu\/referencia\/"},"modified":"2022-05-09T11:59:16","modified_gmt":"2022-05-09T11:59:16","slug":"partners","status":"publish","type":"page","link":"https:\/\/katto.hu\/en\/partners\/","title":{"rendered":"Partners"},"content":{"rendered":"<div id=\"cs-content\" class=\"cs-content\"><\/div>\n","protected":false},"excerpt":{"rendered":"<p>Partnereink Amellett, hogy a k\u00e9t legf\u0151bb pill\u00e9r\u00fcnk a term\u00e9keink min\u0151s\u00e9ge \u00e9s megfelel\u0151 szakmai felk\u00e9sz\u00fclts\u00e9ggel rendelkez\u0151 \u00e9rt\u00e9kes\u00edt\u0151ink, legal\u00e1bb ennyire fontosak Partnereink, akikkel szorosan egy\u00fcttm\u0171k\u00f6d\u00fcnk \u00e9s szak\u00e9rtelm\u00fckkel t\u00e1mogatj\u00e1k a munk\u00e1nkat. emelLogok LatinLogok LogokBG LogokVeszprem Logok2 Logok Logok Apeker LogokMeto Pedrano Partnereink Amellett, hogy a k\u00e9t legf\u0151bb pill\u00e9r\u00fcnk a term\u00e9keink min\u0151s\u00e9ge \u00e9s megfelel\u0151 szakmai felk\u00e9sz\u00fclts\u00e9ggel rendelkez\u0151 \u00e9rt\u00e9kes\u00edt\u0151ink, legal\u00e1bb ennyire fontosak Partnereink, akikkel szorosan &#8230; <\/p>\n<div><a href=\"https:\/\/katto.hu\/en\/partners\/\" class=\"more-link\">Read More<\/a><\/div>\n","protected":false},"author":1,"featured_media":0,"parent":0,"menu_order":0,"comment_status":"closed","ping_status":"closed","template":"template-blank-4.php","meta":{"rs_blank_template":"","rs_page_bg_color":"","slide_template_v7":"","footnotes":""},"class_list":["post-601","page","type-page","status-publish","hentry","no-post-thumbnail"],"_links":{"self":[{"href":"https:\/\/katto.hu\/en\/wp-json\/wp\/v2\/pages\/601","targetHints":{"allow":["GET"]}}],"collection":[{"href":"https:\/\/katto.hu\/en\/wp-json\/wp\/v2\/pages"}],"about":[{"href":"https:\/\/katto.hu\/en\/wp-json\/wp\/v2\/types\/page"}],"author":[{"embeddable":true,"href":"https:\/\/katto.hu\/en\/wp-json\/wp\/v2\/users\/1"}],"replies":[{"embeddable":true,"href":"https:\/\/katto.hu\/en\/wp-json\/wp\/v2\/comments?post=601"}],"version-history":[{"count":2,"href":"https:\/\/katto.hu\/en\/wp-json\/wp\/v2\/pages\/601\/revisions"}],"predecessor-version":[{"id":727,"href":"https:\/\/katto.hu\/en\/wp-json\/wp\/v2\/pages\/601\/revisions\/727"}],"wp:attachment":[{"href":"https:\/\/katto.hu\/en\/wp-json\/wp\/v2\/media?parent=601"}],"curies":[{"name":"wp","href":"https:\/\/api.w.org\/{rel}","templated":true}]}}